{"id":76,"date":"2024-06-26T07:55:37","date_gmt":"2024-06-26T05:55:37","guid":{"rendered":"http:\/\/saone-bateaux.com\/?page_id=76"},"modified":"2024-06-26T07:55:37","modified_gmt":"2024-06-26T05:55:37","slug":"wasserstrasen","status":"publish","type":"page","link":"http:\/\/saone-bateaux.com\/?page_id=76&lang=de","title":{"rendered":"Wasserstra\u00dfen"},"content":{"rendered":"\n<p><strong>Sa\u00f4ne<\/strong> ein majest\u00e4tischer, naturbelassener Strom, ist auf einer L\u00e4nge von ca. 370 km von Corre im Norden bis Lyon im S\u00fcden schiffbar. Kleine vertr\u00e4umte Ort- schaften, aber auch gesch\u00e4ftige Gro\u00dfst\u00e4dte s\u00e4umen ihren Lauf. Viele gut ausgestattete und gepflegte H\u00e4fen und Anlegestellen machen diesen Fluss zu einem idealen Revier f\u00fcr Freizeitschiffer.<\/p>\n\n\n\n<h2 class=\"wp-block-heading\">Rhein-Rh\u00f4ne-Kanal<\/h2>\n\n\n\n<p>In Dole, der Geburtsstadt Louis Pasteurs, finden Sie einen guten Hafen mit allen Versorgungs-m\u00f6glichkeiten und viele Restaurants. Ab Rochefort-sur-Nenon werden Sie von den wei\u00dfen Kalkstein-felsen des Doubs begleitet. Ob Ranchot, Dampierre oder St. Vit, es gibt immer wieder Anlegestellen mit Einkaufsm\u00f6glichkeiten, Caf\u00e9s und Restaurants. Zwischenhalt in Osselle mit seinen Grotten. Bald darauf durchqueren Sie den Tunnel von Thoraise. H\u00f6hepunkt Ihrer Bootsreise ist die Umrundung der Stadt mit Passage des Kanaltunnels unter der Zitadelle.<\/p>\n\n\n\n<h2 class=\"wp-block-heading\">Die Seille<\/h2>\n\n\n\n<p>Ein Nebenflu\u00df der Sa\u00f4ne, ist auf ca. 40 km L\u00e4nge schiffbar. Sie schl\u00e4ngelt sich gem\u00e4chlich zwischen H\u00fcgeln, Felder und Wiesen durch die, durch Gefl\u00fcgelzucht ber\u00fchmt gewordene, Bresse. Kleine H\u00e4fen und Liegem\u00f6glichkeiten in freier Natur laden zum Verweilen ein. Natur pur &#8211; Reiher, Kormorane, Eisv\u00f6gel und ein ungeahnter Fischreichtum &#8211; lassen die Herzen der Naturliebhaber und Hobbyangler h\u00f6her schlagen. In Louhans findet immer Montag morgens der ber\u00fchmte Gefl\u00fcgelmarkt der Bresse statt. La Truch\u00e8re, an der Einm\u00fcndung zur Sa\u00f4ne, bietet Ihnen drei Restaurants&nbsp;und einen Anlegesteg, von dem aus Sie herrliche Sonnenaufg\u00e4nge erleben k\u00f6nnen.<\/p>\n\n\n\n<h2 class=\"wp-block-heading\">Canal du Centre<\/h2>\n\n\n\n<p>Erbaut in den Jahren 1783 bis 1793 verbindet die Sa\u00f4ne mit der Loire. Seinen urspr\u00fcnglichen Zweck, die Erschlie\u00dfung des Industrie- und Kohlereviers um Le Creusot und Montchanin, hat der Kanal fast g\u00e4nzlich verloren. Nur noch wenige Frachtschiffe werden Ihnen heute begegnen. Sie erleben die h\u00fcgelige &#8211; beinahe englische &#8211; Landschaft des Charolais-Gebiets mit seinen unz\u00e4hligen, weidenden wei\u00dfen Rindern. Am Wallfahrtsort Paray-le-Monial vorbei erreichen Sie Digoin mit seiner Kanalbr\u00fccke \u00fcber die Loire ganz im Stil der damaligen Ingenieursbaukunst.<\/p>\n\n\n\n<h2 class=\"wp-block-heading\">Canal de Bourgogne<\/h2>\n\n\n\n<p>Geh\u00f6rt zu den \u00e4ltesten Kan\u00e4len Frankreichs. Er wird heute nur noch von der Freizeitschifffahrt benutzt. Durch den Kanal wird die Sa\u00f4ne mit der Yonne und damit mit der Seine verbunden. Seine L\u00e4nge und die Vielzahl der Schleusen (242 km, 189 Schleusen) wirken oft abschreckend. Dies wird aber durch die elegante und landschaftlich \u00fcberaus reizvolle Streckenf\u00fchrung mehr als wettgemacht. Das Durchqueren des Tunnels von Pouilly-en-Auxois geh\u00f6rt wohl zu den beeindruckensten Erlebnissen einer Bootstour.<br>Dijon, die Stadt der Herz\u00f6ge von Burgund, empf\u00e4ngt Sie mit einem sch\u00f6nen Hafen.<\/p>\n\n\n\n<p><strong>Canal de la Marne \u00e0 la Sa\u00f4ne<\/strong> verbindet die Senke der Seine mit der Rh\u00f4ne indem sie die Hochebene von Langres \u00fcberquert. An seinem h\u00f6chsten Punkt in der N\u00e4he von Langres f\u00fchrt der Canal durch einen langen Tunnel. Allein der Spitzname &#8222;Canal Bourgogne-Champagne&#8221; verdeutlicht durch was f\u00fcr kulturelle Gebiete dieser Canal Sie f\u00fchrt.<\/p>\n","protected":false},"excerpt":{"rendered":"<p>Sa\u00f4ne ein majest\u00e4tischer, naturbelassener Strom, ist auf einer L\u00e4nge von ca. 370 km von Corre im Norden bis Lyon im S\u00fcden schiffbar. Kleine vertr\u00e4umte Ort- schaften, aber auch gesch\u00e4ftige Gro\u00dfst\u00e4dte s\u00e4umen ihren Lauf. Viele gut ausgestattete und gepflegte H\u00e4fen und Anlegestellen machen diesen Fluss zu einem idealen Revier f\u00fcr Freizeitschiffer. Rhein-Rh\u00f4ne-Kanal In Dole, der Geburtsstadt &hellip; <\/p>\n<p class=\"link-more\"><a href=\"http:\/\/saone-bateaux.com\/?page_id=76&#038;lang=de\" class=\"more-link\">Czytaj dalej<span class=\"screen-reader-text\"> \u201eWasserstra\u00dfen\u201d<\/span><\/a><\/p>\n","protected":false},"author":1,"featured_media":0,"parent":0,"menu_order":0,"comment_status":"closed","ping_status":"closed","template":"","meta":{"footnotes":""},"class_list":["post-76","page","type-page","status-publish","hentry"],"yoast_head":"<!-- This site is optimized with the Yoast SEO plugin v22.9 - https:\/\/yoast.com\/wordpress\/plugins\/seo\/ -->\n<title>Wasserstra\u00dfen - Saone - Bateaux<\/title>\n<meta name=\"robots\" content=\"index, follow, max-snippet:-1, max-image-preview:large, max-video-preview:-1\" \/>\n<link rel=\"canonical\" href=\"http:\/\/saone-bateaux.com\/?page_id=76&lang=de\" \/>\n<meta property=\"og:locale\" content=\"pl_PL\" \/>\n<meta property=\"og:type\" content=\"article\" \/>\n<meta property=\"og:title\" content=\"Wasserstra\u00dfen - Saone - Bateaux\" \/>\n<meta property=\"og:description\" content=\"Sa\u00f4ne ein majest\u00e4tischer, naturbelassener Strom, ist auf einer L\u00e4nge von ca. 370 km von Corre im Norden bis Lyon im S\u00fcden schiffbar. Kleine vertr\u00e4umte Ort- schaften, aber auch gesch\u00e4ftige Gro\u00dfst\u00e4dte s\u00e4umen ihren Lauf. Viele gut ausgestattete und gepflegte H\u00e4fen und Anlegestellen machen diesen Fluss zu einem idealen Revier f\u00fcr Freizeitschiffer. Rhein-Rh\u00f4ne-Kanal In Dole, der Geburtsstadt &hellip; Czytaj dalej \u201eWasserstra\u00dfen\u201d\" \/>\n<meta property=\"og:url\" content=\"http:\/\/saone-bateaux.com\/?page_id=76&amp;lang=de\" \/>\n<meta property=\"og:site_name\" content=\"Saone - Bateaux\" \/>\n<meta name=\"twitter:card\" content=\"summary_large_image\" \/>\n<script type=\"application\/ld+json\" class=\"yoast-schema-graph\">{\"@context\":\"https:\/\/schema.org\",\"@graph\":[{\"@type\":\"WebPage\",\"@id\":\"http:\/\/saone-bateaux.com\/?page_id=76&lang=de\",\"url\":\"http:\/\/saone-bateaux.com\/?page_id=76&lang=de\",\"name\":\"Wasserstra\u00dfen - Saone - Bateaux\",\"isPartOf\":{\"@id\":\"http:\/\/saone-bateaux.com\/#website\"},\"datePublished\":\"2024-06-26T05:55:37+00:00\",\"dateModified\":\"2024-06-26T05:55:37+00:00\",\"breadcrumb\":{\"@id\":\"http:\/\/saone-bateaux.com\/?page_id=76&lang=de#breadcrumb\"},\"inLanguage\":\"pl-PL\",\"potentialAction\":[{\"@type\":\"ReadAction\",\"target\":[\"http:\/\/saone-bateaux.com\/?page_id=76&lang=de\"]}]},{\"@type\":\"BreadcrumbList\",\"@id\":\"http:\/\/saone-bateaux.com\/?page_id=76&lang=de#breadcrumb\",\"itemListElement\":[{\"@type\":\"ListItem\",\"position\":1,\"name\":\"Home\",\"item\":\"https:\/\/saone-bateaux.com\/\"},{\"@type\":\"ListItem\",\"position\":2,\"name\":\"Wasserstra\u00dfen\"}]},{\"@type\":\"WebSite\",\"@id\":\"http:\/\/saone-bateaux.com\/#website\",\"url\":\"http:\/\/saone-bateaux.com\/\",\"name\":\"Saone - Bateaux\",\"description\":\"\",\"potentialAction\":[{\"@type\":\"SearchAction\",\"target\":{\"@type\":\"EntryPoint\",\"urlTemplate\":\"http:\/\/saone-bateaux.com\/?s={search_term_string}\"},\"query-input\":\"required name=search_term_string\"}],\"inLanguage\":\"pl-PL\"}]}<\/script>\n<!-- \/ Yoast SEO plugin. -->","yoast_head_json":{"title":"Wasserstra\u00dfen - Saone - Bateaux","robots":{"index":"index","follow":"follow","max-snippet":"max-snippet:-1","max-image-preview":"max-image-preview:large","max-video-preview":"max-video-preview:-1"},"canonical":"http:\/\/saone-bateaux.com\/?page_id=76&lang=de","og_locale":"pl_PL","og_type":"article","og_title":"Wasserstra\u00dfen - Saone - Bateaux","og_description":"Sa\u00f4ne ein majest\u00e4tischer, naturbelassener Strom, ist auf einer L\u00e4nge von ca. 370 km von Corre im Norden bis Lyon im S\u00fcden schiffbar. Kleine vertr\u00e4umte Ort- schaften, aber auch gesch\u00e4ftige Gro\u00dfst\u00e4dte s\u00e4umen ihren Lauf. Viele gut ausgestattete und gepflegte H\u00e4fen und Anlegestellen machen diesen Fluss zu einem idealen Revier f\u00fcr Freizeitschiffer. Rhein-Rh\u00f4ne-Kanal In Dole, der Geburtsstadt &hellip; Czytaj dalej \u201eWasserstra\u00dfen\u201d","og_url":"http:\/\/saone-bateaux.com\/?page_id=76&lang=de","og_site_name":"Saone - Bateaux","twitter_card":"summary_large_image","schema":{"@context":"https:\/\/schema.org","@graph":[{"@type":"WebPage","@id":"http:\/\/saone-bateaux.com\/?page_id=76&lang=de","url":"http:\/\/saone-bateaux.com\/?page_id=76&lang=de","name":"Wasserstra\u00dfen - Saone - Bateaux","isPartOf":{"@id":"http:\/\/saone-bateaux.com\/#website"},"datePublished":"2024-06-26T05:55:37+00:00","dateModified":"2024-06-26T05:55:37+00:00","breadcrumb":{"@id":"http:\/\/saone-bateaux.com\/?page_id=76&lang=de#breadcrumb"},"inLanguage":"pl-PL","potentialAction":[{"@type":"ReadAction","target":["http:\/\/saone-bateaux.com\/?page_id=76&lang=de"]}]},{"@type":"BreadcrumbList","@id":"http:\/\/saone-bateaux.com\/?page_id=76&lang=de#breadcrumb","itemListElement":[{"@type":"ListItem","position":1,"name":"Home","item":"https:\/\/saone-bateaux.com\/"},{"@type":"ListItem","position":2,"name":"Wasserstra\u00dfen"}]},{"@type":"WebSite","@id":"http:\/\/saone-bateaux.com\/#website","url":"http:\/\/saone-bateaux.com\/","name":"Saone - Bateaux","description":"","potentialAction":[{"@type":"SearchAction","target":{"@type":"EntryPoint","urlTemplate":"http:\/\/saone-bateaux.com\/?s={search_term_string}"},"query-input":"required name=search_term_string"}],"inLanguage":"pl-PL"}]}},"_links":{"self":[{"href":"http:\/\/saone-bateaux.com\/index.php?rest_route=\/wp\/v2\/pages\/76","targetHints":{"allow":["GET"]}}],"collection":[{"href":"http:\/\/saone-bateaux.com\/index.php?rest_route=\/wp\/v2\/pages"}],"about":[{"href":"http:\/\/saone-bateaux.com\/index.php?rest_route=\/wp\/v2\/types\/page"}],"author":[{"embeddable":true,"href":"http:\/\/saone-bateaux.com\/index.php?rest_route=\/wp\/v2\/users\/1"}],"replies":[{"embeddable":true,"href":"http:\/\/saone-bateaux.com\/index.php?rest_route=%2Fwp%2Fv2%2Fcomments&post=76"}],"version-history":[{"count":1,"href":"http:\/\/saone-bateaux.com\/index.php?rest_route=\/wp\/v2\/pages\/76\/revisions"}],"predecessor-version":[{"id":77,"href":"http:\/\/saone-bateaux.com\/index.php?rest_route=\/wp\/v2\/pages\/76\/revisions\/77"}],"wp:attachment":[{"href":"http:\/\/saone-bateaux.com\/index.php?rest_route=%2Fwp%2Fv2%2Fmedia&parent=76"}],"curies":[{"name":"wp","href":"https:\/\/api.w.org\/{rel}","templated":true}]}}