{"id":24,"date":"2024-06-24T20:40:17","date_gmt":"2024-06-24T18:40:17","guid":{"rendered":"http:\/\/saone-bateaux.com\/?page_id=24"},"modified":"2024-06-24T20:40:17","modified_gmt":"2024-06-24T18:40:17","slug":"le-port","status":"publish","type":"page","link":"https:\/\/saone-bateaux.com\/","title":{"rendered":"Le port"},"content":{"rendered":"\n<h2 class=\"wp-block-heading\">Le port de Gigny-sur-Sa\u00f4ne<\/h2>\n\n\n\n<p>Depuis 1994, nous exploitons une ancienne \u00e9cluse en Bourgogne. Devenue, aujourd\u2019hui, un petit port de loisirs.<\/p>\n\n\n\n<p>Le sas d\u2019une longueur de 180,0m et sur une largeur de 16,0m offre de la place pour 25 bateaux maximum. Au sein du sas, se trouve un appontement de 36m de long, qui par temps de crue permet d\u2019attacher solidement son bateau. En dehors de ce sas, un autre ponton de 24m, est disponible pour 2 bateaux de 10-15m. Le long de l\u2019installation, se trouve&nbsp;cinq&nbsp;points d\u2019approvisionnement avec chacun deux branchements d\u2019\u00e9lectricit\u00e9 et d\u2019eau.<\/p>\n\n\n\n<p>Dans la capitainerie nous mettons \u00e0 votre disposition : Douche, Toilette, machine \u00e0 laver et un s\u00e8che-linge. L&#8217;utilisation de la toilette est gratuite.<\/p>\n\n\n\n<p>Proche \u00e0 la capitainerie vous trouvez un WIFI gratuit.<\/p>\n\n\n\n<h2 class=\"wp-block-heading\">Que faire dans un port de plaisance ?<\/h2>\n\n\n\n<p>Tr\u00e8s souvent les \u00ab ports de plaisance \u00bb, aussi appel\u00e9s \u00ab ports de loisir \u00bb, sont ouverts au tourisme et aux amateurs de la navigation pour un parcours calme et reposant. Vous pouvez alors y amarrer votre bateau sans souci.<\/p>\n\n\n\n<p>Cependant, il existe plus d&#8217;options pour profiter de ce lieu comme la p\u00eache par exemple.<\/p>\n\n\n\n<h2 class=\"wp-block-heading\">Quelles conditions pour p\u00eacher dans le port ?<\/h2>\n\n\n\n<p>Si vous souhaitez pratiquer la p\u00eache dans un port, en Sa\u00f4ne-et-Loire et partout en France, il est important de bien vous renseigner en amont. Certaines r\u00e9glementations existant quant aux endroits autoris\u00e9s et non autoris\u00e9s. Ces r\u00e8glementations ont pour but de pr\u00e9server l&#8217;environnement.<\/p>\n\n\n\n<p>Si vous souhaitez p\u00eacher sur votre bateau en Bourgogne, il est conseill\u00e9 d&#8217;avoir une carte de p\u00eache eau douce et de bien se renseigner sur les saisons de p\u00eache au cours de l&#8217;ann\u00e9e.<\/p>\n\n\n\n<p>Pour plus d&#8217;information sur les disponibilit\u00e9s et les conditions de p\u00eache dans notre port en Sa\u00f4ne-et-Loire, n&#8217;h\u00e9sitez pas \u00e0 <a href=\"\/contact.html\">nous contacter<\/a>.<\/p>\n","protected":false},"excerpt":{"rendered":"<p>Le port de Gigny-sur-Sa\u00f4ne Depuis 1994, nous exploitons une ancienne \u00e9cluse en Bourgogne. Devenue, aujourd\u2019hui, un petit port de loisirs. Le sas d\u2019une longueur de 180,0m et sur une largeur de 16,0m offre de la place pour 25 bateaux maximum. Au sein du sas, se trouve un appontement de 36m de long, qui par temps &hellip; <\/p>\n<p class=\"link-more\"><a href=\"https:\/\/saone-bateaux.com\/\" class=\"more-link\">Czytaj dalej<span class=\"screen-reader-text\"> \u201eLe port\u201d<\/span><\/a><\/p>\n","protected":false},"author":1,"featured_media":0,"parent":0,"menu_order":0,"comment_status":"closed","ping_status":"closed","template":"","meta":{"footnotes":""},"class_list":["post-24","page","type-page","status-publish","hentry"],"yoast_head":"<!-- This site is optimized with the Yoast SEO plugin v22.9 - https:\/\/yoast.com\/wordpress\/plugins\/seo\/ -->\n<title>Le port - Saone - Bateaux<\/title>\n<meta name=\"robots\" content=\"index, follow, max-snippet:-1, max-image-preview:large, max-video-preview:-1\" \/>\n<link rel=\"canonical\" href=\"https:\/\/saone-bateaux.com\/\" \/>\n<meta property=\"og:locale\" content=\"pl_PL\" \/>\n<meta property=\"og:type\" content=\"article\" \/>\n<meta property=\"og:title\" content=\"Le port - Saone - Bateaux\" \/>\n<meta property=\"og:description\" content=\"Le port de Gigny-sur-Sa\u00f4ne Depuis 1994, nous exploitons une ancienne \u00e9cluse en Bourgogne. Devenue, aujourd\u2019hui, un petit port de loisirs. Le sas d\u2019une longueur de 180,0m et sur une largeur de 16,0m offre de la place pour 25 bateaux maximum. Au sein du sas, se trouve un appontement de 36m de long, qui par temps &hellip; Czytaj dalej \u201eLe port\u201d\" \/>\n<meta property=\"og:url\" content=\"https:\/\/saone-bateaux.com\/\" \/>\n<meta property=\"og:site_name\" content=\"Saone - Bateaux\" \/>\n<meta name=\"twitter:card\" content=\"summary_large_image\" \/>\n<meta name=\"twitter:label1\" content=\"Szacowany czas czytania\" \/>\n\t<meta name=\"twitter:data1\" content=\"2 minuty\" \/>\n<script type=\"application\/ld+json\" class=\"yoast-schema-graph\">{\"@context\":\"https:\/\/schema.org\",\"@graph\":[{\"@type\":\"WebPage\",\"@id\":\"https:\/\/saone-bateaux.com\/\",\"url\":\"https:\/\/saone-bateaux.com\/\",\"name\":\"Le port - Saone - Bateaux\",\"isPartOf\":{\"@id\":\"http:\/\/saone-bateaux.com\/#website\"},\"datePublished\":\"2024-06-24T18:40:17+00:00\",\"dateModified\":\"2024-06-24T18:40:17+00:00\",\"breadcrumb\":{\"@id\":\"https:\/\/saone-bateaux.com\/#breadcrumb\"},\"inLanguage\":\"pl-PL\",\"potentialAction\":[{\"@type\":\"ReadAction\",\"target\":[\"https:\/\/saone-bateaux.com\/\"]}]},{\"@type\":\"BreadcrumbList\",\"@id\":\"https:\/\/saone-bateaux.com\/#breadcrumb\",\"itemListElement\":[{\"@type\":\"ListItem\",\"position\":1,\"name\":\"Home\",\"item\":\"https:\/\/saone-bateaux.com\/\"},{\"@type\":\"ListItem\",\"position\":2,\"name\":\"Le port\"}]},{\"@type\":\"WebSite\",\"@id\":\"http:\/\/saone-bateaux.com\/#website\",\"url\":\"http:\/\/saone-bateaux.com\/\",\"name\":\"Saone - Bateaux\",\"description\":\"\",\"potentialAction\":[{\"@type\":\"SearchAction\",\"target\":{\"@type\":\"EntryPoint\",\"urlTemplate\":\"http:\/\/saone-bateaux.com\/?s={search_term_string}\"},\"query-input\":\"required name=search_term_string\"}],\"inLanguage\":\"pl-PL\"}]}<\/script>\n<!-- \/ Yoast SEO plugin. -->","yoast_head_json":{"title":"Le port - Saone - Bateaux","robots":{"index":"index","follow":"follow","max-snippet":"max-snippet:-1","max-image-preview":"max-image-preview:large","max-video-preview":"max-video-preview:-1"},"canonical":"https:\/\/saone-bateaux.com\/","og_locale":"pl_PL","og_type":"article","og_title":"Le port - Saone - Bateaux","og_description":"Le port de Gigny-sur-Sa\u00f4ne Depuis 1994, nous exploitons une ancienne \u00e9cluse en Bourgogne. Devenue, aujourd\u2019hui, un petit port de loisirs. Le sas d\u2019une longueur de 180,0m et sur une largeur de 16,0m offre de la place pour 25 bateaux maximum. Au sein du sas, se trouve un appontement de 36m de long, qui par temps &hellip; Czytaj dalej \u201eLe port\u201d","og_url":"https:\/\/saone-bateaux.com\/","og_site_name":"Saone - Bateaux","twitter_card":"summary_large_image","twitter_misc":{"Szacowany czas czytania":"2 minuty"},"schema":{"@context":"https:\/\/schema.org","@graph":[{"@type":"WebPage","@id":"https:\/\/saone-bateaux.com\/","url":"https:\/\/saone-bateaux.com\/","name":"Le port - Saone - Bateaux","isPartOf":{"@id":"http:\/\/saone-bateaux.com\/#website"},"datePublished":"2024-06-24T18:40:17+00:00","dateModified":"2024-06-24T18:40:17+00:00","breadcrumb":{"@id":"https:\/\/saone-bateaux.com\/#breadcrumb"},"inLanguage":"pl-PL","potentialAction":[{"@type":"ReadAction","target":["https:\/\/saone-bateaux.com\/"]}]},{"@type":"BreadcrumbList","@id":"https:\/\/saone-bateaux.com\/#breadcrumb","itemListElement":[{"@type":"ListItem","position":1,"name":"Home","item":"https:\/\/saone-bateaux.com\/"},{"@type":"ListItem","position":2,"name":"Le port"}]},{"@type":"WebSite","@id":"http:\/\/saone-bateaux.com\/#website","url":"http:\/\/saone-bateaux.com\/","name":"Saone - Bateaux","description":"","potentialAction":[{"@type":"SearchAction","target":{"@type":"EntryPoint","urlTemplate":"http:\/\/saone-bateaux.com\/?s={search_term_string}"},"query-input":"required name=search_term_string"}],"inLanguage":"pl-PL"}]}},"_links":{"self":[{"href":"http:\/\/saone-bateaux.com\/index.php?rest_route=\/wp\/v2\/pages\/24","targetHints":{"allow":["GET"]}}],"collection":[{"href":"http:\/\/saone-bateaux.com\/index.php?rest_route=\/wp\/v2\/pages"}],"about":[{"href":"http:\/\/saone-bateaux.com\/index.php?rest_route=\/wp\/v2\/types\/page"}],"author":[{"embeddable":true,"href":"http:\/\/saone-bateaux.com\/index.php?rest_route=\/wp\/v2\/users\/1"}],"replies":[{"embeddable":true,"href":"http:\/\/saone-bateaux.com\/index.php?rest_route=%2Fwp%2Fv2%2Fcomments&post=24"}],"version-history":[{"count":1,"href":"http:\/\/saone-bateaux.com\/index.php?rest_route=\/wp\/v2\/pages\/24\/revisions"}],"predecessor-version":[{"id":25,"href":"http:\/\/saone-bateaux.com\/index.php?rest_route=\/wp\/v2\/pages\/24\/revisions\/25"}],"wp:attachment":[{"href":"http:\/\/saone-bateaux.com\/index.php?rest_route=%2Fwp%2Fv2%2Fmedia&parent=24"}],"curies":[{"name":"wp","href":"https:\/\/api.w.org\/{rel}","templated":true}]}}